{"id":594,"date":"2021-04-17T15:20:53","date_gmt":"2021-04-17T15:20:53","guid":{"rendered":"https:\/\/retradeables.com\/retradeables\/"},"modified":"2021-04-30T04:15:42","modified_gmt":"2021-04-30T04:15:42","slug":"retradeables","status":"publish","type":"page","link":"https:\/\/retradeables.com\/cs\/retradeables\/","title":{"rendered":"Retradeables"},"content":{"rendered":"<p>[et_pb_section fb_built=&#8220;1&#8243; _builder_version=&#8220;4.9.2&#8243; _module_preset=&#8220;default&#8220; background_color=&#8220;#48b05e&#8220;][et_pb_row _builder_version=&#8220;4.9.2&#8243; _module_preset=&#8220;default&#8220;][et_pb_column type=&#8220;4_4&#8243; _builder_version=&#8220;4.9.2&#8243; _module_preset=&#8220;default&#8220;][et_pb_text _builder_version=&#8220;4.9.2&#8243; _module_preset=&#8220;default&#8220; text_text_color=&#8220;#FFFFFF&#8220; header_font=&#8220;Poppins|700|||||||&#8220; header_text_color=&#8220;#FFFFFF&#8220;]<\/p>\n<h1 style=\"text-align: center;\">Retradeables &#8211; O N\u00e1s<\/h1>\n<p style=\"text-align: center;\"><strong>Inovace odv\u011btv\u00ed HVACR vytvo\u0159en\u00edm cirkul\u00e1rn\u00ed ekonomiky fluorovan\u00fdch plyn\u016f.<\/strong><\/p>\n<p>&nbsp;<\/p>\n<p>[\/et_pb_text][\/et_pb_column][\/et_pb_row][\/et_pb_section][et_pb_section fb_built=&#8220;1&#8243; _builder_version=&#8220;4.9.2&#8243; _module_preset=&#8220;default&#8220; custom_padding=&#8220;||0px|||&#8220;][et_pb_row _builder_version=&#8220;4.9.2&#8243; _module_preset=&#8220;default&#8220; custom_padding=&#8220;||2px|||&#8220;][et_pb_column type=&#8220;4_4&#8243; _builder_version=&#8220;4.9.2&#8243; _module_preset=&#8220;default&#8220;][et_pb_text _builder_version=&#8220;4.9.3&#8243; _module_preset=&#8220;default&#8220; text_text_color=&#8220;#333333&#8243; header_3_text_color=&#8220;#48b05e&#8220; custom_margin=&#8220;||50px|||&#8220;]<\/p>\n<h3><strong>Okolnosti Projektu<\/strong><\/h3>\n<p>Fluorovan\u00e9 plyny tvo\u0159\u00ed skupinu \u010dlov\u011bkem vytvo\u0159en\u00fdch plyn\u016f pou\u017e\u00edvan\u00fdch v r\u016fzn\u00fdch pr\u016fmyslov\u00fdch aplikac\u00edch. Proto\u017ee se popt\u00e1vka z\u00e1kazn\u00edk\u016f po chlazen\u00ed a klimatizaci zvy\u0161uje, zvy\u0161uj\u00ed se dramaticky i emise na\u0161eho odv\u011btv\u00ed. Nov\u00e1 legislativa EU n\u00e1s nut\u00ed d\u00e1vat prioritu na\u0161im z\u00e1vazk\u016fm v oblasti ochrany \u017eivotn\u00edho prost\u0159ed\u00ed a p\u0159i tom plnit zvy\u0161uj\u00edc\u00ed se popt\u00e1vku z\u00e1kazn\u00edk\u016f a pracovat s men\u0161\u00edmi objemy fluorovan\u00fdch plyn\u016f.  <\/p>\n<p>Zde v Retradeables v\u00edt\u00e1me zm\u011bny v odv\u011btv\u00ed a v\u011b\u0159\u00edme, \u017ee jsme vytvo\u0159ili \u017eivotaschopnou cirkul\u00e1rn\u00ed ekonomiku fluorovan\u00fdch plyn\u016f. Recyklace, regenerace a op\u011btovn\u00e9 pou\u017eit\u00ed existuj\u00edc\u00edch fluorovan\u00fdch plyn\u016f je z\u00e1kladn\u00ed prvn\u00ed krok pro na\u0161e odv\u011btv\u00ed ve sni\u017eov\u00e1n\u00ed emis\u00ed oxid\u016f uhl\u00edku a spln\u011bn\u00ed na\u0161ich c\u00edl\u016f v ochran\u011b klimatu. Na\u0161e tr\u017en\u00ed platforma posouv\u00e1 op\u011btovn\u00e9 pou\u017eit\u00ed plyn\u016f na \u010delo na\u0161eho odv\u011btv\u00ed.  <\/p>\n<p>&nbsp;<\/p>\n<h3><strong>\u0158e\u0161en\u00ed Odv\u011btv\u00ed<\/strong><\/h3>\n<p>Platforma Retradeables \u0159e\u0161\u00ed probl\u00e9m cel\u00e9ho odv\u011btv\u00ed p\u0159i pln\u011bn\u00ed po\u017eadavk\u016f EU na ochranu klimatu a p\u0159i tom napl\u0148uje zv\u00fd\u0161enou popt\u00e1vku z\u00e1kazn\u00edk\u016f po na\u0161ich produktech a slu\u017eb\u00e1ch. Nav\u00edc Retradeables umo\u017e\u0148uje p\u0159esn\u011b kvantifikovat, kolik je fluorovan\u00fdch plyn\u016f a jak\u00e9 jsou kvality. Sb\u00edr\u00e1me data z odv\u011btv\u00ed a nut\u00edme firmy recykluj\u00edc\u00ed a regeneruj\u00edc\u00ed plyny, aby p\u0159esn\u011b plyny zna\u010dili (kvalita a mno\u017estv\u00ed) pro spr\u00e1vnou manipulaci s t\u011bmito plyny. Skute\u010dn\u011b bude mo\u017en\u00e9 sledovat, kde p\u0159esn\u011b jsou n\u00e1doby s pou\u017eit\u00fdmi fluorovan\u00fdmi plyny v \u0159et\u011bzci sv\u00e9ho \u017eivotn\u00edho cyklu.   <\/p>\n<p><span><a href=\"https:\/\/marketplace.retradeables.com\/login?returnUrl=\/\">P\u0159ipojen\u00ed se k na\u0161\u00ed platform\u011b<\/a><\/span> je snadn\u00e9 a zbav\u00edte se starost\u00ed, co d\u011blat se sv\u00fdmi pou\u017eit\u00fdmi fluorovan\u00fdmi plyny!<\/p>\n<p>&nbsp;<\/p>\n<h3><strong>Udr\u017eovan\u00e1 V\u00fdkonnost<\/strong><\/h3>\n<p>Spr\u00e1vn\u011b regenerovan\u00fd fluorovan\u00fd plyn si udr\u017euje stejn\u00fd v\u00fdkon jako nov\u00fd. Ne\u010distoty jsou pe\u010dliv\u011b odstran\u011bny a plynu je vr\u00e1cena p\u016fvodn\u00ed kvalita pro op\u011btovn\u00e9 pou\u017eit\u00ed stejn\u00fdm zp\u016fsobem. Pou\u017eit\u00fd fluorovan\u00fd plyn je aktivum odv\u011btv\u00ed, kter\u00e9 sni\u017euje n\u00e1klady na odstran\u011bn\u00ed plynu a odpad, sni\u017euje po\u017eadavky na nov\u00e9 zdroje a prodlu\u017euje \u017eivotnost za\u0159\u00edzen\u00ed, zat\u00edmco se rozhoduje o investi\u010dn\u00edch n\u00e1kladech a infrastruktu\u0159e pro budouc\u00ed pou\u017eit\u00ed alternativ s ni\u017e\u0161\u00ed hodnotou GWP.  <\/p>\n<p>&nbsp;<\/p>\n<h3><strong>Neleg\u00e1ln\u00ed Chladiva<\/strong><\/h3>\n<p>Neleg\u00e1ln\u00ed chladiva po\u0161kozuj\u00ed na\u0161e odv\u011btv\u00ed. Platforma Retradeables umo\u017e\u0148uje firm\u00e1m znovu uv\u00e9st od\u010derpan\u00e9 fluorovan\u00e9 plyny na trh se zna\u010den\u00edm a sledov\u00e1n\u00edm podle p\u0159edpis\u016f upravuj\u00edc\u00edch pou\u017eit\u00ed fluorovan\u00fdch plyn\u016f. To vym\u00fdt\u00ed z na\u0161eho trhu neleg\u00e1ln\u00ed chladiva a podpo\u0159\u00ed snahy EFCTC (The European FluoroCarbons Technical Committee) v boji s t\u00edmto probl\u00e9mem.  <\/p>\n<p>P\u0159idejte se k n\u00e1m, a\u0165 se stane opakovan\u00e9 pou\u017eit\u00ed va\u0161ich fluorovan\u00fdch plyn\u016f realitou!<\/p>\n<p>[\/et_pb_text][et_pb_text _builder_version=&#8220;4.9.3&#8243; _module_preset=&#8220;default&#8220; text_text_color=&#8220;#333333&#8243; custom_margin=&#8220;||||true|false&#8220; custom_padding=&#8220;20px||20px||true|false&#8220; border_width_top=&#8220;3px&#8220; border_color_top=&#8220;#48b05e&#8220; border_width_bottom=&#8220;3px&#8220; border_color_bottom=&#8220;#48b05e&#8220;]<\/p>\n<p style=\"text-align: center;\">Na \u010dele cesty za men\u0161\u00edmi dopady odv\u011btv\u00ed na \u017eivotn\u00ed prost\u0159ed\u00ed. Pom\u00e1h\u00e1me v\u00e1m vytvo\u0159it udr\u017eiteln\u00e9 \u0159e\u0161en\u00ed coby st\u0159edobod va\u0161eho podnik\u00e1n\u00ed pou\u017eit\u00edm existuj\u00edc\u00edch fluorovan\u00fdch plyn\u016f. <\/p>\n<p>[\/et_pb_text][\/et_pb_column][\/et_pb_row][\/et_pb_section][et_pb_section fb_built=&#8220;1&#8243; _builder_version=&#8220;4.9.2&#8243; _module_preset=&#8220;default&#8220; background_enable_color=&#8220;off&#8220;][et_pb_row _builder_version=&#8220;4.9.2&#8243; _module_preset=&#8220;default&#8220;][et_pb_column type=&#8220;4_4&#8243; _builder_version=&#8220;4.9.2&#8243; _module_preset=&#8220;default&#8220;][et_pb_text _builder_version=&#8220;4.9.3&#8243; _module_preset=&#8220;default&#8220; text_text_color=&#8220;#333333&#8243; background_color=&#8220;#fafafa&#8220; custom_margin=&#8220;||||false|false&#8220; custom_padding=&#8220;30px||30px|20px|true|false&#8220; border_width_left=&#8220;3px&#8220; border_color_left=&#8220;#48b05e&#8220;]<\/p>\n<p style=\"text-align: left;\"><strong>Financov\u00e1n\u00ed z Evropsk\u00e9 Unie:<br \/><\/strong><em>Projekt Retradeables z\u00edskal finan\u010dn\u00ed prost\u0159edky z programu <\/em><span><a href=\"https:\/\/ec.europa.eu\/easme\/en\/life\" target=\"_blank\" rel=\"noopener\">LIFE Evropsk\u00e9<\/a><\/span> unie.<em> EU financuje \u0161irokou \u0159adu projekt\u016f a program\u016f pokr\u00fdvaj\u00edc\u00edch r\u016fzn\u00e9 oblasti, jako jsou rozvoj region\u016f a m\u011bst, zam\u011bstnanost a soci\u00e1ln\u00ed inkluze, zem\u011bd\u011blstv\u00ed a m\u00edstn\u00ed rozvoj, vzd\u011bl\u00e1v\u00e1n\u00ed, ochrana spot\u0159ebitel\u016f, \u017eivotn\u00ed prost\u0159ed\u00ed a humanit\u00e1rn\u00ed pomoc.    <\/em><\/p>\n<p>[\/et_pb_text][\/et_pb_column][\/et_pb_row][et_pb_row column_structure=&#8220;1_3,1_3,1_3&#8243; _builder_version=&#8220;4.9.2&#8243; _module_preset=&#8220;default&#8220;][et_pb_column type=&#8220;1_3&#8243; _builder_version=&#8220;4.9.2&#8243; _module_preset=&#8220;default&#8220;][\/et_pb_column][et_pb_column type=&#8220;1_3&#8243; _builder_version=&#8220;4.9.2&#8243; _module_preset=&#8220;default&#8220;][et_pb_image src=&#8220;https:\/\/retradeables.com\/wp-content\/uploads\/2021\/04\/life-1-150&#215;150.jpg&#8220; title_text=&#8220;life-1&#8243; url=&#8220;https:\/\/ec.europa.eu\/easme\/en\/life&#8220; url_new_window=&#8220;on&#8220; align=&#8220;center&#8220; _builder_version=&#8220;4.9.3&#8243; _module_preset=&#8220;default&#8220;][\/et_pb_image][\/et_pb_column][et_pb_column type=&#8220;1_3&#8243; _builder_version=&#8220;4.9.2&#8243; _module_preset=&#8220;default&#8220;][\/et_pb_column][\/et_pb_row][\/et_pb_section]<\/p>\n","protected":false},"excerpt":{"rendered":"<p>Retradeables &#8211; O N\u00e1s Inovace odv\u011btv\u00ed HVACR vytvo\u0159en\u00edm cirkul\u00e1rn\u00ed ekonomiky fluorovan\u00fdch plyn\u016f. &nbsp;Okolnosti Projektu Fluorovan\u00e9 plyny tvo\u0159\u00ed skupinu \u010dlov\u011bkem vytvo\u0159en\u00fdch plyn\u016f pou\u017e\u00edvan\u00fdch v r\u016fzn\u00fdch pr\u016fmyslov\u00fdch aplikac\u00edch. Proto\u017ee se popt\u00e1vka z\u00e1kazn\u00edk\u016f po chlazen\u00ed a klimatizaci zvy\u0161uje, zvy\u0161uj\u00ed se dramaticky i emise na\u0161eho odv\u011btv\u00ed. Nov\u00e1 legislativa EU n\u00e1s nut\u00ed d\u00e1vat prioritu na\u0161im z\u00e1vazk\u016fm v oblasti ochrany \u017eivotn\u00edho [&hellip;]<\/p>\n","protected":false},"author":13,"featured_media":0,"parent":0,"menu_order":0,"comment_status":"closed","ping_status":"closed","template":"","meta":{"_et_pb_use_builder":"on","_et_pb_old_content":"","_et_gb_content_width":"","footnotes":""},"class_list":["post-594","page","type-page","status-publish","hentry"],"_links":{"self":[{"href":"https:\/\/retradeables.com\/cs\/wp-json\/wp\/v2\/pages\/594","targetHints":{"allow":["GET"]}}],"collection":[{"href":"https:\/\/retradeables.com\/cs\/wp-json\/wp\/v2\/pages"}],"about":[{"href":"https:\/\/retradeables.com\/cs\/wp-json\/wp\/v2\/types\/page"}],"author":[{"embeddable":true,"href":"https:\/\/retradeables.com\/cs\/wp-json\/wp\/v2\/users\/13"}],"replies":[{"embeddable":true,"href":"https:\/\/retradeables.com\/cs\/wp-json\/wp\/v2\/comments?post=594"}],"version-history":[{"count":0,"href":"https:\/\/retradeables.com\/cs\/wp-json\/wp\/v2\/pages\/594\/revisions"}],"wp:attachment":[{"href":"https:\/\/retradeables.com\/cs\/wp-json\/wp\/v2\/media?parent=594"}],"curies":[{"name":"wp","href":"https:\/\/api.w.org\/{rel}","templated":true}]}}