{"id":595,"date":"2021-04-17T15:20:54","date_gmt":"2021-04-17T15:20:54","guid":{"rendered":"https:\/\/retradeables.com\/mise\/"},"modified":"2021-04-21T14:23:44","modified_gmt":"2021-04-21T14:23:44","slug":"mise","status":"publish","type":"page","link":"https:\/\/retradeables.com\/cs\/mise\/","title":{"rendered":"Mise"},"content":{"rendered":"<p>[et_pb_section fb_built=&#8220;1&#8243; _builder_version=&#8220;4.9.2&#8243; _module_preset=&#8220;default&#8220;][et_pb_row _builder_version=&#8220;4.9.2&#8243; _module_preset=&#8220;default&#8220;][et_pb_column type=&#8220;4_4&#8243; _builder_version=&#8220;4.9.2&#8243; _module_preset=&#8220;default&#8220;][et_pb_text _builder_version=&#8220;4.9.2&#8243; _module_preset=&#8220;default&#8220; header_font=&#8220;Poppins|700|||||||&#8220; header_text_color=&#8220;#48b05e&#8220; header_2_font=&#8220;Poppins|700|||||||&#8220;]<\/p>\n<h1 style=\"text-align: center;\">Mise Retradeables<\/h1>\n<p>[\/et_pb_text][\/et_pb_column][\/et_pb_row][et_pb_row _builder_version=&#8220;4.9.2&#8243; _module_preset=&#8220;default&#8220;][et_pb_column type=&#8220;4_4&#8243; _builder_version=&#8220;4.9.2&#8243; _module_preset=&#8220;default&#8220;][et_pb_blurb image=&#8220;https:\/\/retradeables.com\/wp-content\/uploads\/2021\/04\/check-icon.png&#8220; icon_placement=&#8220;left&#8220; content_max_width=&#8220;1100px&#8220; _builder_version=&#8220;4.9.4&#8243; _module_preset=&#8220;default&#8220; body_text_color=&#8220;#333333&#8243; custom_margin=&#8220;||5px||false|false&#8220; hover_enabled=&#8220;0&#8243; custom_css_blurb_image=&#8220;width: 50px&#8220; global_colors_info=&#8220;{}&#8220; sticky_enabled=&#8220;0&#8243;]<\/p>\n<p><strong>Vyvinout cirkul\u00e1rn\u00ed ekonomiku fluorovan\u00fdch plyn\u016f <\/strong>se spolehliv\u00fdmi deklaracemi fluorovan\u00fdch plyn\u016f pro slo\u017een\u00ed, znovuz\u00edsk\u00e1n\u00ed, recyklaci, regeneraci a op\u011btovn\u00e9 pou\u017eit\u00ed.<\/p>\n<p>[\/et_pb_blurb][et_pb_blurb image=&#8220;https:\/\/retradeables.com\/wp-content\/uploads\/2021\/04\/check-icon.png&#8220; icon_placement=&#8220;left&#8220; content_max_width=&#8220;1100px&#8220; _builder_version=&#8220;4.9.2&#8243; _module_preset=&#8220;default&#8220; body_text_color=&#8220;#333333&#8243; custom_margin=&#8220;||5px||false|false&#8220; custom_css_blurb_image=&#8220;width: 50px&#8220; global_colors_info=&#8220;{}&#8220;]<\/p>\n<p><strong>Vytvo\u0159it v Evrop\u011b nov\u00fd trh s recyklovan\u00fdmi fluorovan\u00fdmi plyny <\/strong>kde distributo\u0159i plynu budou nab\u00edzet transparentn\u00ed a spolehliv\u00e9 obchodov\u00e1n\u00ed se znovuz\u00edskan\u00fdmi fluorovan\u00fdmi plyny v re\u00e1ln\u00e9m \u010dase<\/p>\n<p>[\/et_pb_blurb][et_pb_blurb image=&#8220;https:\/\/retradeables.com\/wp-content\/uploads\/2021\/04\/check-icon.png&#8220; icon_placement=&#8220;left&#8220; content_max_width=&#8220;1100px&#8220; _builder_version=&#8220;4.9.2&#8243; _module_preset=&#8220;default&#8220; body_text_color=&#8220;#333333&#8243; custom_margin=&#8220;||5px||false|false&#8220; custom_css_blurb_image=&#8220;width: 50px&#8220; global_colors_info=&#8220;{}&#8220;]<\/p>\n<p><strong>M\u00edt promy\u0161lenou a silnou metodologii, <\/strong>vytv\u00e1\u0159ej\u00edc\u00ed pr\u00e1vn\u00ed leg\u00e1ln\u00ed r\u00e1mec, zaji\u0161\u0165uj\u00edc\u00ed spr\u00e1vn\u00e9 zna\u010den\u00ed, zabezpe\u010den\u00e9 platby a zaru\u010duj\u00edc\u00ed kvalitu a mno\u017estv\u00ed nap\u0159\u00ed\u010d Evropou.<\/p>\n<p>[\/et_pb_blurb][et_pb_blurb image=&#8220;https:\/\/retradeables.com\/wp-content\/uploads\/2021\/04\/check-icon.png&#8220; icon_placement=&#8220;left&#8220; content_max_width=&#8220;1100px&#8220; _builder_version=&#8220;4.9.3&#8243; _module_preset=&#8220;default&#8220; body_text_color=&#8220;#333333&#8243; custom_margin=&#8220;||5px||false|false&#8220; custom_css_blurb_image=&#8220;width: 50px&#8220; global_colors_info=&#8220;{}&#8220;]<\/p>\n<p><strong>Podporovat a v\u00e9st spole\u010dnosti v EU pro zp\u011btn\u00e9 z\u00edsk\u00e1v\u00e1n\u00ed, recyklaci, regeneraci a op\u011btovn\u00e9 pou\u017eit\u00ed fluorovan\u00fdch plyn\u016f. <\/strong>Poskytujeme n\u00e1vody a propojen\u00ed spole\u010dnost\u00ed, aby pochopily snadnost a dostupnost p\u0159\u00edle\u017eitost\u00ed k recyklaci a regeneraci. Nab\u00edz\u00edme transparentnost odv\u011btv\u00ed ve vyhled\u00e1v\u00e1n\u00ed, anal\u00fdze, kvalit\u011b a mno\u017estv\u00ed fluorovan\u00fdch plyn\u016f a jejich klasifikaci pro op\u011btovn\u00e9 pou\u017eit\u00ed. <\/p>\n<p>[\/et_pb_blurb][et_pb_blurb image=&#8220;https:\/\/retradeables.com\/wp-content\/uploads\/2021\/04\/check-icon.png&#8220; icon_placement=&#8220;left&#8220; content_max_width=&#8220;1100px&#8220; _builder_version=&#8220;4.9.2&#8243; _module_preset=&#8220;default&#8220; body_text_color=&#8220;#333333&#8243; custom_margin=&#8220;||5px||false|false&#8220; custom_css_blurb_image=&#8220;width: 50px&#8220; global_colors_info=&#8220;{}&#8220;]<\/p>\n<p><strong>Zv\u00fd\u0161it pov\u011bdom\u00ed a zapojen\u00ed odv\u011btv\u00ed prost\u0159ednictv\u00edm kampan\u00ed \u0161kolen\u00ed pro 600 jednotlivc\u016f v n\u011bkolika vybran\u00fdch zem\u00edch <\/strong>Uk\u00e1\u017eeme, jak proces znovuz\u00edsk\u00e1v\u00e1n\u00ed, recyklace a regenerace funguje, jak prosp\u00edv\u00e1 \u017eivotn\u00edmu prost\u0159ed\u00ed a zvy\u0161uje celkovou konkurenceschopnost.<\/p>\n<p>[\/et_pb_blurb][et_pb_blurb image=&#8220;https:\/\/retradeables.com\/wp-content\/uploads\/2021\/04\/check-icon.png&#8220; icon_placement=&#8220;left&#8220; content_max_width=&#8220;1100px&#8220; _builder_version=&#8220;4.9.2&#8243; _module_preset=&#8220;default&#8220; body_text_color=&#8220;#333333&#8243; custom_margin=&#8220;||5px||false|false&#8220; custom_css_blurb_image=&#8220;width: 50px&#8220; global_colors_info=&#8220;{}&#8220;]<\/p>\n<p><strong>Pro zv\u00fd\u0161en\u00ed pov\u011bdom\u00ed o rozvoji \u00fa\u010dinn\u00fdch opat\u0159en\u00ed k \u0159e\u0161en\u00ed probl\u00e9m\u016f zm\u011bny klimatu. <\/strong>V na\u0161em odv\u011btv\u00ed podporujeme zm\u011bny vedouc\u00ed k udr\u017eitelnosti, pom\u00e1h\u00e1me s praktick\u00fdmi, m\u011b\u0159iteln\u00fdmi aplikacemi.<\/p>\n<p>[\/et_pb_blurb][et_pb_blurb image=&#8220;https:\/\/retradeables.com\/wp-content\/uploads\/2021\/04\/check-icon.png&#8220; icon_placement=&#8220;left&#8220; content_max_width=&#8220;1100px&#8220; _builder_version=&#8220;4.9.2&#8243; _module_preset=&#8220;default&#8220; body_text_color=&#8220;#333333&#8243; custom_margin=&#8220;||5px||false|false&#8220; custom_css_blurb_image=&#8220;width: 50px&#8220; global_colors_info=&#8220;{}&#8220;]<\/p>\n<p><strong>Nab\u00eddka snadn\u00e9ho a bezpe\u010dn\u00e9ho \u0159e\u0161en\u00ed znovuz\u00edsk\u00e1n\u00ed a op\u011btovn\u00e9ho pou\u017eit\u00ed fluorovan\u00fdch plyn\u016f pro jejich vr\u00e1cen\u00ed na trh, <\/strong>prosazov\u00e1n\u00edm vysoce kvalitn\u00edch a \u00fasporn\u00fdch recyklovan\u00fdch a regenerovan\u00fdch fluorovan\u00fdch plyn\u016f a zp\u0159\u00edstupn\u011bn\u00ed datab\u00e1ze informac\u00ed pro vyhov\u011bn\u00ed po\u017eadavk\u016fm p\u0159edpis\u016f.<\/p>\n<p>[\/et_pb_blurb][et_pb_blurb image=&#8220;https:\/\/retradeables.com\/wp-content\/uploads\/2021\/04\/check-icon.png&#8220; icon_placement=&#8220;left&#8220; content_max_width=&#8220;1100px&#8220; _builder_version=&#8220;4.9.2&#8243; _module_preset=&#8220;default&#8220; body_text_color=&#8220;#333333&#8243; custom_margin=&#8220;||5px||false|false&#8220; custom_css_blurb_image=&#8220;width: 50px&#8220; global_colors_info=&#8220;{}&#8220;]<\/p>\n<p><strong>Zamezen\u00ed emis\u00ed CO2 <\/strong>p\u0159edch\u00e1zen\u00edm emis\u00ed fluorovan\u00fdch plyn\u016f z existuj\u00edc\u00edch za\u0159\u00edzen\u00ed kontrolami, \u0159\u00e1dnou \u00fadr\u017ebou a recyklac\u00ed \u010di regenerac\u00ed plyn\u016f na konci \u017eivotnosti za\u0159\u00edzen\u00ed.<\/p>\n<p>[\/et_pb_blurb][\/et_pb_column][\/et_pb_row][\/et_pb_section]<\/p>\n","protected":false},"excerpt":{"rendered":"<p>Mise RetradeablesVyvinout cirkul\u00e1rn\u00ed ekonomiku fluorovan\u00fdch plyn\u016f se spolehliv\u00fdmi deklaracemi fluorovan\u00fdch plyn\u016f pro slo\u017een\u00ed, znovuz\u00edsk\u00e1n\u00ed, recyklaci, regeneraci a op\u011btovn\u00e9 pou\u017eit\u00ed.Vytvo\u0159it v Evrop\u011b nov\u00fd trh s recyklovan\u00fdmi fluorovan\u00fdmi plyny kde distributo\u0159i plynu budou nab\u00edzet transparentn\u00ed a spolehliv\u00e9 obchodov\u00e1n\u00ed se znovuz\u00edskan\u00fdmi fluorovan\u00fdmi plyny v re\u00e1ln\u00e9m \u010daseM\u00edt promy\u0161lenou a silnou metodologii, vytv\u00e1\u0159ej\u00edc\u00ed pr\u00e1vn\u00ed leg\u00e1ln\u00ed r\u00e1mec, zaji\u0161\u0165uj\u00edc\u00ed spr\u00e1vn\u00e9 zna\u010den\u00ed, zabezpe\u010den\u00e9 [&hellip;]<\/p>\n","protected":false},"author":13,"featured_media":0,"parent":0,"menu_order":0,"comment_status":"closed","ping_status":"closed","template":"","meta":{"_et_pb_use_builder":"on","_et_pb_old_content":"","_et_gb_content_width":"","footnotes":""},"class_list":["post-595","page","type-page","status-publish","hentry"],"_links":{"self":[{"href":"https:\/\/retradeables.com\/cs\/wp-json\/wp\/v2\/pages\/595","targetHints":{"allow":["GET"]}}],"collection":[{"href":"https:\/\/retradeables.com\/cs\/wp-json\/wp\/v2\/pages"}],"about":[{"href":"https:\/\/retradeables.com\/cs\/wp-json\/wp\/v2\/types\/page"}],"author":[{"embeddable":true,"href":"https:\/\/retradeables.com\/cs\/wp-json\/wp\/v2\/users\/13"}],"replies":[{"embeddable":true,"href":"https:\/\/retradeables.com\/cs\/wp-json\/wp\/v2\/comments?post=595"}],"version-history":[{"count":0,"href":"https:\/\/retradeables.com\/cs\/wp-json\/wp\/v2\/pages\/595\/revisions"}],"wp:attachment":[{"href":"https:\/\/retradeables.com\/cs\/wp-json\/wp\/v2\/media?parent=595"}],"curies":[{"name":"wp","href":"https:\/\/api.w.org\/{rel}","templated":true}]}}