{"id":589,"date":"2021-04-17T13:48:08","date_gmt":"2021-04-17T13:48:08","guid":{"rendered":"https:\/\/retradeables.com\/retradeables\/"},"modified":"2021-05-13T10:55:46","modified_gmt":"2021-05-13T08:55:46","slug":"retradeables","status":"publish","type":"page","link":"https:\/\/retradeables.com\/hu\/retradeables\/","title":{"rendered":"Retradeables"},"content":{"rendered":"<p>[et_pb_section fb_built=&#8221;1&#8243; _builder_version=&#8221;4.9.2&#8243; _module_preset=&#8221;default&#8221; background_color=&#8221;#48b05e&#8221;][et_pb_row _builder_version=&#8221;4.9.2&#8243; _module_preset=&#8221;default&#8221;][et_pb_column type=&#8221;4_4&#8243; _builder_version=&#8221;4.9.2&#8243; _module_preset=&#8221;default&#8221;][et_pb_text _builder_version=&#8221;4.9.2&#8243; _module_preset=&#8221;default&#8221; text_text_color=&#8221;#FFFFFF&#8221; header_font=&#8221;Poppins|700|||||||&#8221; header_text_color=&#8221;#FFFFFF&#8221;]<\/p>\n<h1 style=\"text-align: center;\">Retradeables &#8211; R\u00f3lunk<\/h1>\n<p style=\"text-align: center;\"><strong>A HVAC-R ipar\u00e1g innov\u00e1ci\u00f3ja a haszn\u00e1lt h\u0171t\u0151k\u00f6zegek k\u00f6rforg\u00e1sban tart\u00e1s\u00e1ra<\/strong><\/p>\n<p>&nbsp;<\/p>\n<p>[\/et_pb_text][\/et_pb_column][\/et_pb_row][\/et_pb_section][et_pb_section fb_built=&#8221;1&#8243; _builder_version=&#8221;4.9.2&#8243; _module_preset=&#8221;default&#8221; custom_padding=&#8221;||0px|||&#8221;][et_pb_row _builder_version=&#8221;4.9.2&#8243; _module_preset=&#8221;default&#8221; custom_padding=&#8221;||2px|||&#8221;][et_pb_column type=&#8221;4_4&#8243; _builder_version=&#8221;4.9.2&#8243; _module_preset=&#8221;default&#8221;][et_pb_text _builder_version=&#8221;4.9.4&#8243; _module_preset=&#8221;default&#8221; text_text_color=&#8221;#333333&#8243; header_3_text_color=&#8221;#48b05e&#8221; custom_margin=&#8221;||50px|||&#8221; hover_enabled=&#8221;0&#8243; sticky_enabled=&#8221;0&#8243;]<\/p>\n<h3><strong>A projekt h\u00e1tter\u00e9r\u0151l<\/strong><\/h3>\n<p>Az F-g\u00e1z kifejez\u00e9s olyan mesters\u00e9ges eredet\u0171 h\u0171t\u0151k\u00f6zegek csoportj\u00e1ra utal, amelyet p\u00e9ld\u00e1ul ipari, kereskedelmi alkalmaz\u00e1sokban haszn\u00e1lnak fel. Ahogy egyre n\u0151 az ig\u00e9ny a h\u0171t\u0151ipari \u00e9s l\u00e9gkondicion\u00e1l\u00f3 term\u00e9kek ir\u00e1nt, a k\u00f6rnyezeti terhel\u00e9s is dr\u00e1mai m\u00f3don n\u00f6vekszik. Az \u00faj EU-el\u0151\u00edr\u00e1sok arra \u00f6szt\u00f6n\u00f6zik a HVAC-R szektor szerepl\u0151it, hogy priorit\u00e1sk\u00e9nt kezelj\u00e9k a k\u00f6rnyezetv\u00e9delmi k\u00f6telezetts\u00e9geket, mik\u00f6zben tov\u00e1bbra is k\u00e9pesek legyenek kiszolg\u00e1lni a megn\u00f6vekedett fogyaszt\u00f3i ig\u00e9nyeket, \u00e9s cs\u00f6kkents\u00e9k a felhaszn\u00e1lt F-g\u00e1z mennyis\u00e9g\u00e9t.<\/p>\n<p>A Retradeables projekt \u00fagy \u00fcdv\u00f6zli az ipar\u00e1gi v\u00e1ltoz\u00e1sokat a meg\u00fajul\u00e1st, hogy elhivatott a haszn\u00e1lt h\u0171t\u0151k\u00f6zegek val\u00f3di \u00e9s \u00e9letk\u00e9pes k\u00f6rforg\u00e1sos gazdas\u00e1gi modellj\u00e9nek megteremt\u00e9s\u00e9ben. A megl\u00e9v\u0151 h\u0171t\u0151k\u00f6zegk\u00e9szletek visszanyer\u00e9se \u00e9s \u00fajrafelhaszn\u00e1l\u00e1sa alapvet\u0151 fontoss\u00e1g\u00fa, amely kiindul\u00f3 l\u00e9p\u00e9st jelent \u00e1gazatunk sz\u00e1m\u00e1ra a sz\u00e9n-dioxid-kibocs\u00e1t\u00e1s cs\u00f6kkent\u00e9se, kl\u00edmav\u00e9delmi c\u00e9ljaink el\u00e9r\u00e9se \u00e9rdek\u00e9ben. A keresked\u00e9si platformnak k\u00f6sz\u00f6nhet\u0151en az \u00fajrahasznos\u00edt\u00e1s el\u0151t\u00e9rbe ker\u00fcl \u00e1gazatunkban.<\/p>\n<p>&nbsp;<\/p>\n<h3><strong>Ipari megold\u00e1s<\/strong><\/h3>\n<p>A Retradeables platform megold\u00e1st ny\u00fajt egy, a teljes ipar\u00e1gra kiterjed\u0151 probl\u00e9m\u00e1ra abb\u00f3l a c\u00e9lb\u00f3l, hogy biztos\u00edthat\u00f3 legyen a szigor\u00fa uni\u00f3s kl\u00edmav\u00e9delmi kezdem\u00e9nyez\u00e9seknek val\u00f3 megfelel\u00e9s, mik\u00f6zben tov\u00e1bbra is kiszolg\u00e1lja a term\u00e9kek \u00e9s a szolg\u00e1ltat\u00e1so ir\u00e1nti n\u00f6vekv\u0151 fogyaszt\u00f3i ig\u00e9nyt. A Retradeables platform azt is lehet\u0151v\u00e9 teszi, hogy pontosan meghat\u00e1rozhassuk, mennyi \u00e9s milyen min\u0151s\u00e9g\u0171 F-g\u00e1z \u00e9rhet\u0151 el a piacon. \u00d6sszegy\u0171jtj\u00fck \u00e9s transzparenss\u00e9 tessz\u00fck az ipar\u00e1gi adatokat, \u00f6szt\u00f6n\u00f6zz\u00fck \u00e9s t\u00e1mogatjuk az \u00fajrahasznos\u00edt\u00e1si l\u00e1ncban r\u00e9szt vev\u0151 szerepl\u0151ket a szervizpalackok megfelel\u0151 c\u00edmk\u00e9z\u00e9s\u00e9ben, el\u0151seg\u00edtve azok nyomon k\u00f6vethet\u0151s\u00e9g\u00e9t.<\/p>\n<p><span><a href=\"https:\/\/marketplace.retradeables.com\/login?returnUrl=\/\">A platformunkhoz<\/a><\/span> a csatlakoz\u00e1s egyszer\u0171, \u00edgy t\u00f6bb\u00e9 nem jelent gondot az, hogy mi t\u00f6rt\u00e9njen a haszn\u00e1lt h\u0171t\u0151k\u00f6zegekkel!<\/p>\n<p>&nbsp;<\/p>\n<h3><strong>A teljes\u00edtm\u00e9ny fenntart\u00e1sa<\/strong><\/h3>\n<p>A megfelel\u0151en regener\u00e1lt h\u0171t\u0151k\u00f6zeg ugyanazt a teljes\u00edtm\u00e9nyszintet biztos\u00edtja, mint az \u00faj. Gondosan elt\u00e1vol\u00edtja a szennyez\u0151d\u00e9seket, \u00e9s vissza\u00e1ll\u00edtja az \u00faj g\u00e1znak megfelel\u0151 min\u0151s\u00e9get. A haszn\u00e1lt h\u0171t\u0151k\u00f6zeg val\u00f3j\u00e1ban \u00e9rt\u00e9k, hiszen azok \u00fajra felhaszn\u00e1l\u00e1s\u00e1val cs\u00f6kkenthet\u0151k a visszanyer\u00e9s \u00e9s a hullad\u00e9k\u00e1rtalmatlan\u00edt\u00e1s k\u00f6lts\u00e9gei. Cs\u00f6kken az ig\u00e9ny az \u00faj er\u0151forr\u00e1sok felhaszn\u00e1l\u00e1sa ir\u00e1nt, \u00e9s meghosszabb\u00edthat\u00f3 a berendez\u00e9sek \u00e9lettartama, am\u00edg a beruh\u00e1z\u00e1si \u00e9s infrastrukt\u00far\u00e1val kapcsolatos d\u00f6nt\u00e9sek az alacsonyabb glob\u00e1lis felmeleged\u00e9si potenci\u00e1llal (GWP) rendelkez\u0151 alternat\u00edv\u00e1k figyelembev\u00e9tel\u00e9vel meghozhat\u00f3k a j\u00f6v\u0151re n\u00e9zve.<\/p>\n<p>&nbsp;<\/p>\n<h3><strong>Illeg\u00e1lis h\u0171t\u0151k\u00f6zegek<\/strong><\/h3>\n<p>Az illeg\u00e1lis h\u0171t\u0151k\u00f6zegek haszn\u00e1lata tov\u00e1bbra is rontja az ipar\u00e1gunk h\u00edrnev\u00e9t. A Retradeables lehet\u0151v\u00e9 teszi a visszanyert h\u0171t\u0151k\u00f6zegek piaci \u00fajra felhaszn\u00e1l\u00e1s\u00e1t, az F-g\u00e1z szab\u00e1lyoz\u00e1snak megfelel\u0151 c\u00edmk\u00e9z\u00e9ssel \u00e9s nyomon k\u00f6vet\u00e9ssel. Ez el\u0151seg\u00edti az illeg\u00e1lis h\u0171t\u0151k\u00f6zegek haszn\u00e1lat\u00e1nak visszaszor\u00edt\u00e1s\u00e1t, t\u00e1mogatva az illet\u00e9kes eur\u00f3pai ipar\u00e1gi szervezet, az European Fluorocarbons Technical Committee er\u0151fesz\u00edt\u00e9seit a probl\u00e9ma lek\u00fczd\u00e9s\u00e9ben.<\/p>\n<p>Csatlakozzon hozz\u00e1nk, hogy a haszn\u00e1lt h\u0171t\u0151k\u00f6zeg \u00fajb\u00f3li felhaszn\u00e1l\u00e1sa \u00e9s k\u00f6rforg\u00e1sban tart\u00e1sa val\u00f3s\u00e1gg\u00e1 v\u00e1lhasson!<\/p>\n<p>[\/et_pb_text][et_pb_text _builder_version=&#8221;4.9.4&#8243; _module_preset=&#8221;default&#8221; text_text_color=&#8221;#333333&#8243; custom_margin=&#8221;||||true|false&#8221; custom_padding=&#8221;20px||20px||true|false&#8221; hover_enabled=&#8221;0&#8243; border_width_top=&#8221;3px&#8221; border_color_top=&#8221;#48b05e&#8221; border_width_bottom=&#8221;3px&#8221; border_color_bottom=&#8221;#48b05e&#8221; sticky_enabled=&#8221;0&#8243;]<\/p>\n<p style=\"text-align: center;\">V\u00e1llaljon \u00d6n is vezet\u0151 szerepet az ipar\u00e1gi k\u00f6rnyezeti hat\u00e1sok cs\u00f6kkent\u00e9s\u00e9ben. Lehet\u0151v\u00e9 tessz\u00fcnk c\u00e9ge sz\u00e1m\u00e1ra is a fenntarthat\u00f3 \u00fczleti megold\u00e1s integr\u00e1ci\u00f3j\u00e1t a m\u00e1r megl\u00e9v\u0151 h\u0171t\u0151k\u00f6zegek \u00fajra felhaszn\u00e1l\u00e1s\u00e1val.<\/p>\n<p>[\/et_pb_text][\/et_pb_column][\/et_pb_row][\/et_pb_section][et_pb_section fb_built=&#8221;1&#8243; _builder_version=&#8221;4.9.2&#8243; _module_preset=&#8221;default&#8221; background_enable_color=&#8221;off&#8221;][et_pb_row _builder_version=&#8221;4.9.2&#8243; _module_preset=&#8221;default&#8221;][et_pb_column type=&#8221;4_4&#8243; _builder_version=&#8221;4.9.2&#8243; _module_preset=&#8221;default&#8221;][et_pb_text _builder_version=&#8221;4.9.3&#8243; _module_preset=&#8221;default&#8221; text_text_color=&#8221;#333333&#8243; background_color=&#8221;#fafafa&#8221; custom_margin=&#8221;||||false|false&#8221; custom_padding=&#8221;30px||30px|20px|true|false&#8221; border_width_left=&#8221;3px&#8221; border_color_left=&#8221;#48b05e&#8221;]<\/p>\n<p style=\"text-align: left;\"><strong>Eur\u00f3pai Uni\u00f3s Finansz\u00edroz\u00e1s<br \/><\/strong><em>A Retradeables projekt az Eur\u00f3pai Uni\u00f3 <\/em><span><a href=\"https:\/\/ec.europa.eu\/easme\/en\/life\" target=\"_blank\" rel=\"noopener\">LIFE programj\u00e1b\u00f3l<\/a><\/span><em> kapott t\u00e1mogat\u00e1st. Az EU sz\u00e1mos olyan projekt \u00e9s program finansz\u00edroz\u00e1s\u00e1t biztos\u00edtja, amelyek kiterjednek p\u00e9ld\u00e1ul a region\u00e1lis- \u00e9s v\u00e1rosfejleszt\u00e9sre, a foglalkoztat\u00e1sra \u00e9s a t\u00e1rsadalmi beilleszked\u00e9sre, a mez\u0151gazdas\u00e1gra \u00e9s a vid\u00e9kfejleszt\u00e9sre, valamint az oktat\u00e1sra, az eg\u00e9szs\u00e9g\u00fcgyre, a fogyaszt\u00f3v\u00e9delemre, a k\u00f6rnyezetv\u00e9delemre \u00e9s a humanit\u00e1rius seg\u00edts\u00e9gny\u00fajt\u00e1s ter\u00fclet\u00e9re.    <\/em><\/p>\n<p>[\/et_pb_text][\/et_pb_column][\/et_pb_row][et_pb_row column_structure=&#8221;1_3,1_3,1_3&#8243; _builder_version=&#8221;4.9.2&#8243; _module_preset=&#8221;default&#8221;][et_pb_column type=&#8221;1_3&#8243; _builder_version=&#8221;4.9.2&#8243; _module_preset=&#8221;default&#8221;][\/et_pb_column][et_pb_column type=&#8221;1_3&#8243; _builder_version=&#8221;4.9.2&#8243; _module_preset=&#8221;default&#8221;][et_pb_image src=&#8221;https:\/\/retradeables.com\/wp-content\/uploads\/2021\/04\/life-1-150&#215;150.jpg&#8221; title_text=&#8221;life-1&#8243; url=&#8221;https:\/\/ec.europa.eu\/easme\/en\/life&#8221; url_new_window=&#8221;on&#8221; align=&#8221;center&#8221; _builder_version=&#8221;4.9.3&#8243; _module_preset=&#8221;default&#8221;][\/et_pb_image][\/et_pb_column][et_pb_column type=&#8221;1_3&#8243; _builder_version=&#8221;4.9.2&#8243; _module_preset=&#8221;default&#8221;][\/et_pb_column][\/et_pb_row][\/et_pb_section]<\/p>\n","protected":false},"excerpt":{"rendered":"<p>Retradeables &#8211; R\u00f3lunk A HVAC-R ipar\u00e1g innov\u00e1ci\u00f3ja a haszn\u00e1lt h\u0171t\u0151k\u00f6zegek k\u00f6rforg\u00e1sban tart\u00e1s\u00e1ra &nbsp;A projekt h\u00e1tter\u00e9r\u0151l Az F-g\u00e1z kifejez\u00e9s olyan mesters\u00e9ges eredet\u0171 h\u0171t\u0151k\u00f6zegek csoportj\u00e1ra utal, amelyet p\u00e9ld\u00e1ul ipari, kereskedelmi alkalmaz\u00e1sokban haszn\u00e1lnak fel. Ahogy egyre n\u0151 az ig\u00e9ny a h\u0171t\u0151ipari \u00e9s l\u00e9gkondicion\u00e1l\u00f3 term\u00e9kek ir\u00e1nt, a k\u00f6rnyezeti terhel\u00e9s is dr\u00e1mai m\u00f3don n\u00f6vekszik. Az \u00faj EU-el\u0151\u00edr\u00e1sok arra \u00f6szt\u00f6n\u00f6zik a [&hellip;]<\/p>\n","protected":false},"author":13,"featured_media":0,"parent":0,"menu_order":0,"comment_status":"closed","ping_status":"closed","template":"","meta":{"_et_pb_use_builder":"on","_et_pb_old_content":"","_et_gb_content_width":"","footnotes":""},"class_list":["post-589","page","type-page","status-publish","hentry"],"_links":{"self":[{"href":"https:\/\/retradeables.com\/hu\/wp-json\/wp\/v2\/pages\/589","targetHints":{"allow":["GET"]}}],"collection":[{"href":"https:\/\/retradeables.com\/hu\/wp-json\/wp\/v2\/pages"}],"about":[{"href":"https:\/\/retradeables.com\/hu\/wp-json\/wp\/v2\/types\/page"}],"author":[{"embeddable":true,"href":"https:\/\/retradeables.com\/hu\/wp-json\/wp\/v2\/users\/13"}],"replies":[{"embeddable":true,"href":"https:\/\/retradeables.com\/hu\/wp-json\/wp\/v2\/comments?post=589"}],"version-history":[{"count":0,"href":"https:\/\/retradeables.com\/hu\/wp-json\/wp\/v2\/pages\/589\/revisions"}],"wp:attachment":[{"href":"https:\/\/retradeables.com\/hu\/wp-json\/wp\/v2\/media?parent=589"}],"curies":[{"name":"wp","href":"https:\/\/api.w.org\/{rel}","templated":true}]}}