{"id":590,"date":"2021-04-17T14:10:22","date_gmt":"2021-04-17T14:10:22","guid":{"rendered":"https:\/\/retradeables.com\/mission\/"},"modified":"2021-05-13T10:47:10","modified_gmt":"2021-05-13T08:47:10","slug":"mission","status":"publish","type":"page","link":"https:\/\/retradeables.com\/hu\/mission\/","title":{"rendered":"Mission"},"content":{"rendered":"<p>[et_pb_section fb_built=&#8221;1&#8243; _builder_version=&#8221;4.9.2&#8243; _module_preset=&#8221;default&#8221;][et_pb_row _builder_version=&#8221;4.9.2&#8243; _module_preset=&#8221;default&#8221;][et_pb_column type=&#8221;4_4&#8243; _builder_version=&#8221;4.9.2&#8243; _module_preset=&#8221;default&#8221;][et_pb_text _builder_version=&#8221;4.9.4&#8243; _module_preset=&#8221;default&#8221; header_font=&#8221;Poppins|700|||||||&#8221; header_text_color=&#8221;#48b05e&#8221; header_2_font=&#8221;Poppins|700|||||||&#8221; hover_enabled=&#8221;0&#8243; sticky_enabled=&#8221;0&#8243;]<\/p>\n<h1 style=\"text-align: center;\">A Retradeables k\u00fcldet\u00e9se<\/h1>\n<p>[\/et_pb_text][\/et_pb_column][\/et_pb_row][et_pb_row _builder_version=&#8221;4.9.2&#8243; _module_preset=&#8221;default&#8221;][et_pb_column type=&#8221;4_4&#8243; _builder_version=&#8221;4.9.2&#8243; _module_preset=&#8221;default&#8221;][et_pb_blurb image=&#8221;https:\/\/retradeables.com\/wp-content\/uploads\/2021\/04\/check-icon.png&#8221; icon_placement=&#8221;left&#8221; content_max_width=&#8221;1100px&#8221; _builder_version=&#8221;4.9.4&#8243; _module_preset=&#8221;default&#8221; body_text_color=&#8221;#333333&#8243; custom_margin=&#8221;||5px||false|false&#8221; custom_css_blurb_image=&#8221;width: 50px&#8221; global_colors_info=&#8221;{}&#8221;]<\/p>\n<p><strong>Innovat\u00edv F-g\u00e1z k\u00f6rforg\u00e1sos gazdas\u00e1gi modell kifejleszt\u00e9se, <\/strong>megb\u00edzhat\u00f3 tan\u00fas\u00edtv\u00e1nyokkal az \u00f6sszet\u00e9telre \/ a visszanyer\u00e9sre \/ az \u00fajrafeldolgoz\u00e1sra vonatkoz\u00f3an.<\/p>\n<p>[\/et_pb_blurb][et_pb_blurb image=&#8221;https:\/\/retradeables.com\/wp-content\/uploads\/2021\/04\/check-icon.png&#8221; icon_placement=&#8221;left&#8221; content_max_width=&#8221;1100px&#8221; _builder_version=&#8221;4.9.2&#8243; _module_preset=&#8221;default&#8221; body_text_color=&#8221;#333333&#8243; custom_margin=&#8221;||5px||false|false&#8221; custom_css_blurb_image=&#8221;width: 50px&#8221; global_colors_info=&#8221;{}&#8221;]<\/p>\n<p><strong>Az \u00fajrahasznos\u00edtott h\u0171t\u0151k\u00f6zegek \u00faj piac\u00e1nak kialak\u00edt\u00e1sa Eur\u00f3p\u00e1ban, <\/strong>ahol a h\u0171t\u0151k\u00f6zeg-keresked\u0151k \u00e1tl\u00e1that\u00f3 \u00e9s megb\u00edzhat\u00f3 keresked\u00e9si lehet\u0151s\u00e9geket k\u00edn\u00e1lnak a visszanyert F-g\u00e1zokkal, val\u00f3s id\u0151ben.<\/p>\n<p>[\/et_pb_blurb][et_pb_blurb image=&#8221;https:\/\/retradeables.com\/wp-content\/uploads\/2021\/04\/check-icon.png&#8221; icon_placement=&#8221;left&#8221; content_max_width=&#8221;1100px&#8221; _builder_version=&#8221;4.9.4&#8243; _module_preset=&#8221;default&#8221; body_text_color=&#8221;#333333&#8243; custom_margin=&#8221;||5px||false|false&#8221; hover_enabled=&#8221;0&#8243; custom_css_blurb_image=&#8221;width: 50px&#8221; global_colors_info=&#8221;{}&#8221; sticky_enabled=&#8221;0&#8243;]<\/p>\n<p><strong>Koherens \u00e9s megb\u00edzhat\u00f3 m\u00f3dszertan biztos\u00edt\u00e1sa <\/strong>a t\u00f6rv\u00e9nyes kereteket garant\u00e1lva, megfelel\u0151, \u00e9s leg\u00e1lis c\u00edmk\u00e9z\u00e9ssel, biztons\u00e1gos fizet\u00e9si lehet\u0151s\u00e9gekkel, valamint min\u0151s\u00e9gi \u00e9s mennyis\u00e9gi garanci\u00e1kat k\u00edn\u00e1lva eg\u00e9sz Eur\u00f3p\u00e1ban.<\/p>\n<p>[\/et_pb_blurb][et_pb_blurb image=&#8221;https:\/\/retradeables.com\/wp-content\/uploads\/2021\/04\/check-icon.png&#8221; icon_placement=&#8221;left&#8221; content_max_width=&#8221;1100px&#8221; _builder_version=&#8221;4.9.4&#8243; _module_preset=&#8221;default&#8221; body_text_color=&#8221;#333333&#8243; custom_margin=&#8221;||5px||false|false&#8221; hover_enabled=&#8221;0&#8243; custom_css_blurb_image=&#8221;width: 50px&#8221; global_colors_info=&#8221;{}&#8221; sticky_enabled=&#8221;0&#8243;]<\/p>\n<p><strong>Az eur\u00f3pai uni\u00f3s v\u00e1llalatok t\u00e1mogat\u00e1sa, valamint \u00fatmutat\u00e1s ny\u00fajt\u00e1sa az F-g\u00e1zok visszanyer\u00e9s\u00e9t, regener\u00e1l\u00e1s\u00e1t \u00e9s \u00fajrahasznos\u00edt\u00e1s\u00e1t illet\u0151en. <\/strong>\u00datmutat\u00e1st \u00e9s kapcsolatokat ny\u00fajtunk a v\u00e1llalatok sz\u00e1m\u00e1ra, hogy meg\u00e9rts\u00e9k az \u00fajrahasznos\u00edt\u00e1sban rejl\u0151 lehet\u0151s\u00e9geket, azok egyszer\u0171s\u00e9g\u00e9t \u00e9s hozz\u00e1f\u00e9rhet\u0151s\u00e9g\u00e9t. \u00c1tl\u00e1that\u00f3s\u00e1got k\u00edn\u00e1lunk az ipar\u00e1gban az F-g\u00e1zok visszanyer\u00e9se, elemz\u00e9se, valamint az \u00fajrafelhaszn\u00e1l\u00e1s min\u0151s\u00e9gi \u00e9s mennyis\u00e9gi adatainak tekintet\u00e9ben.<\/p>\n<p>[\/et_pb_blurb][et_pb_blurb image=&#8221;https:\/\/retradeables.com\/wp-content\/uploads\/2021\/04\/check-icon.png&#8221; icon_placement=&#8221;left&#8221; content_max_width=&#8221;1100px&#8221; _builder_version=&#8221;4.9.2&#8243; _module_preset=&#8221;default&#8221; body_text_color=&#8221;#333333&#8243; custom_margin=&#8221;||5px||false|false&#8221; custom_css_blurb_image=&#8221;width: 50px&#8221; global_colors_info=&#8221;{}&#8221;]<\/p>\n<p><strong>A tudatoss\u00e1g n\u00f6vel\u00e9s\u00e9t \u00e9s az ipar\u00e1g bevon\u00e1s\u00e1t c\u00e9lz\u00f3 k\u00e9pz\u00e9si kamp\u00e1ny biztos\u00edt\u00e1sa 600 szem\u00e9ly sz\u00e1m\u00e1ra t\u00f6bb dem\u00f3 orsz\u00e1gban. <\/strong>Bemutatjuk, hogyan m\u0171k\u00f6dik a visszanyer\u00e9si \u00e9s az \u00fajrahasznos\u00edt\u00e1si folyamat, valamint azt, hogyan j\u00e1rul hozz\u00e1 a folyamat a k\u00f6rnyezetv\u00e9delemhez, illetve az \u00e1ltal\u00e1nos versenyk\u00e9pess\u00e9g n\u00f6vel\u00e9s\u00e9hez.<\/p>\n<p>[\/et_pb_blurb][et_pb_blurb image=&#8221;https:\/\/retradeables.com\/wp-content\/uploads\/2021\/04\/check-icon.png&#8221; icon_placement=&#8221;left&#8221; content_max_width=&#8221;1100px&#8221; _builder_version=&#8221;4.9.4&#8243; _module_preset=&#8221;default&#8221; body_text_color=&#8221;#333333&#8243; custom_margin=&#8221;||5px||false|false&#8221; hover_enabled=&#8221;0&#8243; custom_css_blurb_image=&#8221;width: 50px&#8221; global_colors_info=&#8221;{}&#8221; sticky_enabled=&#8221;0&#8243;]<\/p>\n<p><strong>Az ipar\u00e1gi ismeretek b\u0151v\u00edt\u00e9se a kl\u00edmav\u00e1ltoz\u00e1s hat\u00e9kony m\u00e9rs\u00e9kl\u00e9s\u00e9t c\u00e9lz\u00f3 fejleszt\u00e9sekr\u0151l. <\/strong>T\u00e1mogatjuk az ipar\u00e1gat a fenntarthat\u00f3 v\u00e1ltoz\u00e1s implement\u00e1ci\u00f3j\u00e1ban, seg\u00edts\u00e9get ny\u00fajtva a gyakorlati \u00e9s elsz\u00e1moltathat\u00f3 alkalmaz\u00e1shoz.<\/p>\n<p>[\/et_pb_blurb][et_pb_blurb image=&#8221;https:\/\/retradeables.com\/wp-content\/uploads\/2021\/04\/check-icon.png&#8221; icon_placement=&#8221;left&#8221; content_max_width=&#8221;1100px&#8221; _builder_version=&#8221;4.9.4&#8243; _module_preset=&#8221;default&#8221; body_text_color=&#8221;#333333&#8243; custom_margin=&#8221;||5px||false|false&#8221; hover_enabled=&#8221;0&#8243; custom_css_blurb_image=&#8221;width: 50px&#8221; global_colors_info=&#8221;{}&#8221; sticky_enabled=&#8221;0&#8243;]<\/p>\n<p><strong>K\u00f6nny\u0171 \u00e9s biztons\u00e1gos megold\u00e1s biztos\u00edt\u00e1sa a h\u0171t\u0151k\u00f6zegek visszanyer\u00e9s\u00e9re \u00e9s \u00fajrafelhaszn\u00e1l\u00e1s\u00e1ra, annak \u00e9rdek\u00e9ben, hogy visszaforgathat\u00f3k legyenek a piacra, <\/strong>teszi ezt a kiv\u00e1l\u00f3 min\u0151s\u00e9g\u0171, k\u00f6lts\u00e9ghat\u00e9kony \u00fajrahasznos\u00edtott h\u0171t\u0151k\u00f6zegek haszn\u00e1lat\u00e1t el\u0151nyben r\u00e9szes\u00edtve, valamint pontos adatb\u00e1zisokat ny\u00fajtva az el\u0151\u00edr\u00e1sok betart\u00e1sa \u00e9rdek\u00e9ben.<\/p>\n<p>[\/et_pb_blurb][et_pb_blurb image=&#8221;https:\/\/retradeables.com\/wp-content\/uploads\/2021\/04\/check-icon.png&#8221; icon_placement=&#8221;left&#8221; content_max_width=&#8221;1100px&#8221; _builder_version=&#8221;4.9.2&#8243; _module_preset=&#8221;default&#8221; body_text_color=&#8221;#333333&#8243; custom_margin=&#8221;||5px||false|false&#8221; custom_css_blurb_image=&#8221;width: 50px&#8221; global_colors_info=&#8221;{}&#8221;]<\/p>\n<p><strong>A sz\u00e9n-dioxid-kibocs\u00e1t\u00e1s cs\u00f6kkent\u00e9se <\/strong>a berendez\u00e9sekben tal\u00e1lhat\u00f3 F-g\u00e1zok sziv\u00e1rg\u00e1s\u00e1nak visszaszor\u00edt\u00e1s\u00e1val, az ellen\u0151rz\u00e9seknek \u00e9s a megfelel\u0151 szervizel\u00e9s biztos\u00edt\u00e1s\u00e1nak k\u00f6sz\u00f6nhet\u0151en, illetve a berendez\u00e9sek \u00e9lettartama v\u00e9g\u00e9n a h\u0171t\u0151k\u00f6zegek visszanyer\u00e9s\u00e9nek seg\u00edts\u00e9g\u00e9vel<\/p>\n<p>[\/et_pb_blurb][\/et_pb_column][\/et_pb_row][\/et_pb_section]<\/p>\n","protected":false},"excerpt":{"rendered":"<p>A Retradeables k\u00fcldet\u00e9seInnovat\u00edv F-g\u00e1z k\u00f6rforg\u00e1sos gazdas\u00e1gi modell kifejleszt\u00e9se, megb\u00edzhat\u00f3 tan\u00fas\u00edtv\u00e1nyokkal az \u00f6sszet\u00e9telre \/ a visszanyer\u00e9sre \/ az \u00fajrafeldolgoz\u00e1sra vonatkoz\u00f3an.Az \u00fajrahasznos\u00edtott h\u0171t\u0151k\u00f6zegek \u00faj piac\u00e1nak kialak\u00edt\u00e1sa Eur\u00f3p\u00e1ban, ahol a h\u0171t\u0151k\u00f6zeg-keresked\u0151k \u00e1tl\u00e1that\u00f3 \u00e9s megb\u00edzhat\u00f3 keresked\u00e9si lehet\u0151s\u00e9geket k\u00edn\u00e1lnak a visszanyert F-g\u00e1zokkal, val\u00f3s id\u0151ben.Koherens \u00e9s megb\u00edzhat\u00f3 m\u00f3dszertan biztos\u00edt\u00e1sa a t\u00f6rv\u00e9nyes kereteket garant\u00e1lva, megfelel\u0151, \u00e9s leg\u00e1lis c\u00edmk\u00e9z\u00e9ssel, biztons\u00e1gos fizet\u00e9si lehet\u0151s\u00e9gekkel, valamint [&hellip;]<\/p>\n","protected":false},"author":13,"featured_media":0,"parent":0,"menu_order":0,"comment_status":"closed","ping_status":"closed","template":"","meta":{"_et_pb_use_builder":"on","_et_pb_old_content":"","_et_gb_content_width":"","footnotes":""},"class_list":["post-590","page","type-page","status-publish","hentry"],"_links":{"self":[{"href":"https:\/\/retradeables.com\/hu\/wp-json\/wp\/v2\/pages\/590","targetHints":{"allow":["GET"]}}],"collection":[{"href":"https:\/\/retradeables.com\/hu\/wp-json\/wp\/v2\/pages"}],"about":[{"href":"https:\/\/retradeables.com\/hu\/wp-json\/wp\/v2\/types\/page"}],"author":[{"embeddable":true,"href":"https:\/\/retradeables.com\/hu\/wp-json\/wp\/v2\/users\/13"}],"replies":[{"embeddable":true,"href":"https:\/\/retradeables.com\/hu\/wp-json\/wp\/v2\/comments?post=590"}],"version-history":[{"count":0,"href":"https:\/\/retradeables.com\/hu\/wp-json\/wp\/v2\/pages\/590\/revisions"}],"wp:attachment":[{"href":"https:\/\/retradeables.com\/hu\/wp-json\/wp\/v2\/media?parent=590"}],"curies":[{"name":"wp","href":"https:\/\/api.w.org\/{rel}","templated":true}]}}