{"id":599,"date":"2021-04-17T17:42:57","date_gmt":"2021-04-17T17:42:57","guid":{"rendered":"https:\/\/retradeables.com\/retradeables\/"},"modified":"2021-04-30T04:17:05","modified_gmt":"2021-04-30T04:17:05","slug":"retradeables","status":"publish","type":"page","link":"https:\/\/retradeables.com\/sk\/retradeables\/","title":{"rendered":"Retradeables"},"content":{"rendered":"<p>[et_pb_section fb_built=&#8220;1&#8243; _builder_version=&#8220;4.9.2&#8243; _module_preset=&#8220;default&#8220; background_color=&#8220;#48b05e&#8220;][et_pb_row _builder_version=&#8220;4.9.2&#8243; _module_preset=&#8220;default&#8220;][et_pb_column type=&#8220;4_4&#8243; _builder_version=&#8220;4.9.2&#8243; _module_preset=&#8220;default&#8220;][et_pb_text _builder_version=&#8220;4.9.2&#8243; _module_preset=&#8220;default&#8220; text_text_color=&#8220;#FFFFFF&#8220; header_font=&#8220;Poppins|700|||||||&#8220; header_text_color=&#8220;#FFFFFF&#8220;]<\/p>\n<h1 style=\"text-align: center;\">Retradeables &#8211; O N\u00e1s<\/h1>\n<p style=\"text-align: center;\"><strong>Inov\u00e1cia odvetvia HVACR vytvoren\u00edm obehov\u00e9ho hospod\u00e1rstva s pou\u017eit\u00fdm F-plynom.<\/strong><\/p>\n<p>&nbsp;<\/p>\n<p>[\/et_pb_text][\/et_pb_column][\/et_pb_row][\/et_pb_section][et_pb_section fb_built=&#8220;1&#8243; _builder_version=&#8220;4.9.2&#8243; _module_preset=&#8220;default&#8220; custom_padding=&#8220;||0px|||&#8220;][et_pb_row _builder_version=&#8220;4.9.2&#8243; _module_preset=&#8220;default&#8220; custom_padding=&#8220;||2px|||&#8220;][et_pb_column type=&#8220;4_4&#8243; _builder_version=&#8220;4.9.2&#8243; _module_preset=&#8220;default&#8220;][et_pb_text _builder_version=&#8220;4.9.3&#8243; _module_preset=&#8220;default&#8220; text_text_color=&#8220;#333333&#8243; header_3_text_color=&#8220;#48b05e&#8220; custom_margin=&#8220;||50px|||&#8220;]<\/p>\n<h3><strong>Pozadie Projektu<\/strong><\/h3>\n<p>F-plyny patria medzi plyny vyroben\u00e9 \u010dlovekom, ktor\u00e9 sa pou\u017e\u00edvaj\u00fa v r\u00f4znych priemyseln\u00fdch aplik\u00e1ci\u00e1ch. Zv\u00fd\u0161en\u00edm spotrebite\u013esk\u00e9ho dopytu po chladiacich a klimatiza\u010dn\u00fdch produktoch sa v\u00fdrazne zv\u00fd\u0161ili aj emisie n\u00e1\u0161ho odvetvia. Nov\u00e9 nariadenia E\u00da n\u00e1s n\u00fatia stanovi\u0165 si priority v environment\u00e1lnych z\u00e1v\u00e4zkoch a z\u00e1rove\u0148 nap\u013a\u0148a\u0165 zv\u00fd\u0161en\u00fd spotrebite\u013esk\u00fd dopyt a fungova\u0165 so zn\u00ed\u017een\u00fdm mno\u017estvom F-plynu.  <\/p>\n<p>Tu v Retradeables v\u00edtame tak\u00e9to zmeny v odvetv\u00ed a sme presved\u010den\u00ed, \u017ee sme vytvorili funk\u010dn\u00e9 obehov\u00e9 hospod\u00e1rstvo pre pou\u017eit\u00fd F-plyn. Recykl\u00e1cia a op\u00e4tovn\u00e9 vyu\u017eitie z\u00e1sob F-plynu je prv\u00fdm z\u00e1kladn\u00fdm krokom pre na\u0161e odvetvie na zn\u00ed\u017eenie uhl\u00edkov\u00fdch emisi\u00ed a dosiahnutie na\u0161ich klimatick\u00fdch cie\u013eov. Na\u0161a obchodn\u00e1 platforma tla\u010d\u00ed recykl\u00e1ciu do popredia n\u00e1\u0161ho odvetvia.  <\/p>\n<p>&nbsp;<\/p>\n<h3><strong>Rie\u0161enie Pre Odvetvie<\/strong><\/h3>\n<p>Retradeables rie\u0161i probl\u00e9m v celom odvetv\u00ed s dodr\u017eiavan\u00edm pr\u00edsnych klimatick\u00fdch iniciat\u00edv E\u00da a z\u00e1rove\u0148 nap\u013a\u0148a\u0165 zv\u00fd\u0161en\u00fd spotrebite\u013esk\u00fd dopyt po na\u0161ich produktoch a slu\u017eb\u00e1ch. Retradeables n\u00e1m okrem toho umo\u017e\u0148uje vy\u010d\u00edsli\u0165 presn\u00e9 existuj\u00face mno\u017estvo F-plynu a jeho kvalitu. Zbierame \u00fadaje z odvetvia a n\u00fatime recyklovate\u013eov upravova\u0165 tieto \u00fadaje s potvrden\u00edm platnosti \u0161t\u00edtkov s podrobn\u00fdmi \u00fadajmi o spr\u00e1vnej manipul\u00e1cii (kvalita a mno\u017estvo) s t\u00fdmto plynom. Samozrejme bude mo\u017en\u00e9 presne vystopova\u0165, kde s\u00fa kanistre s pou\u017eit\u00fdm F-plynom v re\u0165azci \u017eivotn\u00e9ho cyklu.   <\/p>\n<p><span><a href=\"https:\/\/marketplace.retradeables.com\/login?returnUrl=\/\">Pripojenie sa k na\u0161ej platforme<\/a><\/span> je jednoduch\u00e9 a zbavuje v\u00e1s to probl\u00e9mov, \u010do s pou\u017eit\u00fdm F-plynom!<\/p>\n<p>&nbsp;<\/p>\n<h3><strong>Udr\u017eiavan\u00fd V\u00fdkon<\/strong><\/h3>\n<p>Spr\u00e1vne recyklovan\u00fd F-plyn poskytuje rovnak\u00fd v\u00fdkon ako nov\u00fd F-plyn. Zne\u010dis\u0165uj\u00face l\u00e1tky s\u00fa d\u00f4kladne odstr\u00e1nen\u00e9 a plynu je prinavr\u00e1ten\u00e1 p\u00f4vodn\u00e1 kvalita, na op\u00e4tovn\u00e9 pou\u017eitie rovnak\u00fdm sp\u00f4sobom. Pou\u017eit\u00fd F-plyn je v skuto\u010dnosti pr\u00ednosom pre odvetvie, preto\u017ee zni\u017euje n\u00e1klady na odstr\u00e1nenie plynu a odpad, zni\u017euje potrebu nov\u00fdch zdrojov a predl\u017euje \u017eivotnos\u0165 zariadenia, zatia\u013e \u010do CAPEX a rozhodnutia o infra\u0161trukt\u00fare s\u00fa pripraven\u00e9 pre bud\u00face pou\u017eitie alternat\u00edv s ni\u017e\u0161ou hodnotou GWP.  <\/p>\n<p>&nbsp;<\/p>\n<h3><strong>Neleg\u00e1lne Chladiv\u00e1<\/strong><\/h3>\n<p>Pou\u017e\u00edvanie neleg\u00e1lnych chlad\u00edv neust\u00e1le zanech\u00e1va \u0161kvrny na na\u0161om odvetv\u00ed. Retradeables v\u0161ak umo\u017e\u0148uje recyklovate\u013eom znova uvies\u0165 recyklovan\u00fd F-plyn na trh s ozna\u010den\u00edm a monitorovan\u00edm v s\u00falade so smernicou F-plyn. To pom\u00f4\u017ee odstr\u00e1ni\u0165 neleg\u00e1lne chladiv\u00e1 z n\u00e1\u0161ho trhu a podpori\u0165 snahu EFCTC(The European FluoroCarbons Technical Committee ) v boji s t\u00fdmto probl\u00e9mom.  <\/p>\n<p>Pridajte sa k n\u00e1m a pustite sa do recykl\u00e1cie svojho pou\u017eit\u00e9ho F-plynu!<\/p>\n<p>[\/et_pb_text][et_pb_text _builder_version=&#8220;4.9.3&#8243; _module_preset=&#8220;default&#8220; text_text_color=&#8220;#333333&#8243; custom_margin=&#8220;||||true|false&#8220; custom_padding=&#8220;20px||20px||true|false&#8220; border_width_top=&#8220;3px&#8220; border_color_top=&#8220;#48b05e&#8220; border_width_bottom=&#8220;3px&#8220; border_color_bottom=&#8220;#48b05e&#8220;]<\/p>\n<p style=\"text-align: center;\">Ukazujeme cestu k zni\u017eovaniu dopadu odvetvia na \u017eivotn\u00e9 prostredie. Umo\u017e\u0148ujeme v\u00e1m za\u010dleni\u0165 udr\u017eate\u013en\u00e9 rie\u0161enie do srdca va\u0161ej firmy vyu\u017eit\u00edm va\u0161ich existuj\u00facich z\u00e1sob F-plynu. <\/p>\n<p>[\/et_pb_text][\/et_pb_column][\/et_pb_row][\/et_pb_section][et_pb_section fb_built=&#8220;1&#8243; _builder_version=&#8220;4.9.2&#8243; _module_preset=&#8220;default&#8220; background_enable_color=&#8220;off&#8220;][et_pb_row _builder_version=&#8220;4.9.2&#8243; _module_preset=&#8220;default&#8220;][et_pb_column type=&#8220;4_4&#8243; _builder_version=&#8220;4.9.2&#8243; _module_preset=&#8220;default&#8220;][et_pb_text _builder_version=&#8220;4.9.3&#8243; _module_preset=&#8220;default&#8220; text_text_color=&#8220;#333333&#8243; background_color=&#8220;#fafafa&#8220; custom_margin=&#8220;||||false|false&#8220; custom_padding=&#8220;30px||30px|20px|true|false&#8220; border_width_left=&#8220;3px&#8220; border_color_left=&#8220;#48b05e&#8220;]<\/p>\n<p style=\"text-align: left;\"><strong>Dot\u00e1cie E\u00da:<br \/><\/strong><em>Projekt Retradeables z\u00edskal dot\u00e1cie z <\/em><span><a href=\"https:\/\/ec.europa.eu\/easme\/en\/life\" target=\"_blank\" rel=\"noopener\"> programu LIFE<\/a><\/span><em> E\u00da poskytuje dot\u00e1cie na \u0161irok\u00fa \u0161k\u00e1lu projektov a programov, ktor\u00e9 zahr\u0148uj\u00fa napr\u00edklad oblasti ako region\u00e1lna a mestsk\u00e1 v\u00fdstavba, zamestnanos\u0165 a soci\u00e1lne za\u010dlenenie, rozvoj po\u013enohospod\u00e1rstva a vidieka, ako aj vzdelanie, zdravie, ochrana spotrebite\u013eov, environment\u00e1lna ochrana a humanit\u00e1rna pomoc.    <\/em><\/p>\n<p>[\/et_pb_text][\/et_pb_column][\/et_pb_row][et_pb_row column_structure=&#8220;1_3,1_3,1_3&#8243; _builder_version=&#8220;4.9.2&#8243; _module_preset=&#8220;default&#8220;][et_pb_column type=&#8220;1_3&#8243; _builder_version=&#8220;4.9.2&#8243; _module_preset=&#8220;default&#8220;][\/et_pb_column][et_pb_column type=&#8220;1_3&#8243; _builder_version=&#8220;4.9.2&#8243; _module_preset=&#8220;default&#8220;][et_pb_image src=&#8220;https:\/\/retradeables.com\/wp-content\/uploads\/2021\/04\/life-1-150&#215;150.jpg&#8220; title_text=&#8220;life-1&#8243; url=&#8220;https:\/\/ec.europa.eu\/easme\/en\/life&#8220; url_new_window=&#8220;on&#8220; align=&#8220;center&#8220; _builder_version=&#8220;4.9.3&#8243; _module_preset=&#8220;default&#8220;][\/et_pb_image][\/et_pb_column][et_pb_column type=&#8220;1_3&#8243; _builder_version=&#8220;4.9.2&#8243; _module_preset=&#8220;default&#8220;][\/et_pb_column][\/et_pb_row][\/et_pb_section]<\/p>\n","protected":false},"excerpt":{"rendered":"<p>Retradeables &#8211; O N\u00e1s Inov\u00e1cia odvetvia HVACR vytvoren\u00edm obehov\u00e9ho hospod\u00e1rstva s pou\u017eit\u00fdm F-plynom. &nbsp;Pozadie Projektu F-plyny patria medzi plyny vyroben\u00e9 \u010dlovekom, ktor\u00e9 sa pou\u017e\u00edvaj\u00fa v r\u00f4znych priemyseln\u00fdch aplik\u00e1ci\u00e1ch. Zv\u00fd\u0161en\u00edm spotrebite\u013esk\u00e9ho dopytu po chladiacich a klimatiza\u010dn\u00fdch produktoch sa v\u00fdrazne zv\u00fd\u0161ili aj emisie n\u00e1\u0161ho odvetvia. Nov\u00e9 nariadenia E\u00da n\u00e1s n\u00fatia stanovi\u0165 si priority v environment\u00e1lnych z\u00e1v\u00e4zkoch a [&hellip;]<\/p>\n","protected":false},"author":13,"featured_media":0,"parent":0,"menu_order":0,"comment_status":"closed","ping_status":"closed","template":"","meta":{"_et_pb_use_builder":"on","_et_pb_old_content":"","_et_gb_content_width":"","footnotes":""},"class_list":["post-599","page","type-page","status-publish","hentry"],"_links":{"self":[{"href":"https:\/\/retradeables.com\/sk\/wp-json\/wp\/v2\/pages\/599","targetHints":{"allow":["GET"]}}],"collection":[{"href":"https:\/\/retradeables.com\/sk\/wp-json\/wp\/v2\/pages"}],"about":[{"href":"https:\/\/retradeables.com\/sk\/wp-json\/wp\/v2\/types\/page"}],"author":[{"embeddable":true,"href":"https:\/\/retradeables.com\/sk\/wp-json\/wp\/v2\/users\/13"}],"replies":[{"embeddable":true,"href":"https:\/\/retradeables.com\/sk\/wp-json\/wp\/v2\/comments?post=599"}],"version-history":[{"count":0,"href":"https:\/\/retradeables.com\/sk\/wp-json\/wp\/v2\/pages\/599\/revisions"}],"wp:attachment":[{"href":"https:\/\/retradeables.com\/sk\/wp-json\/wp\/v2\/media?parent=599"}],"curies":[{"name":"wp","href":"https:\/\/api.w.org\/{rel}","templated":true}]}}