{"id":600,"date":"2021-04-17T17:50:20","date_gmt":"2021-04-17T17:50:20","guid":{"rendered":"https:\/\/retradeables.com\/poslanie\/"},"modified":"2021-04-23T16:56:34","modified_gmt":"2021-04-23T16:56:34","slug":"poslanie","status":"publish","type":"page","link":"https:\/\/retradeables.com\/sk\/poslanie\/","title":{"rendered":"Poslanie"},"content":{"rendered":"<p>[et_pb_section fb_built=&#8220;1&#8243; _builder_version=&#8220;4.9.2&#8243; _module_preset=&#8220;default&#8220;][et_pb_row _builder_version=&#8220;4.9.2&#8243; _module_preset=&#8220;default&#8220;][et_pb_column type=&#8220;4_4&#8243; _builder_version=&#8220;4.9.2&#8243; _module_preset=&#8220;default&#8220;][et_pb_text _builder_version=&#8220;4.9.2&#8243; _module_preset=&#8220;default&#8220; header_font=&#8220;Poppins|700|||||||&#8220; header_text_color=&#8220;#48b05e&#8220; header_2_font=&#8220;Poppins|700|||||||&#8220;]<\/p>\n<h1 style=\"text-align: center;\">Poslanie Retradeables<\/h1>\n<p>[\/et_pb_text][\/et_pb_column][\/et_pb_row][et_pb_row _builder_version=&#8220;4.9.2&#8243; _module_preset=&#8220;default&#8220;][et_pb_column type=&#8220;4_4&#8243; _builder_version=&#8220;4.9.2&#8243; _module_preset=&#8220;default&#8220;][et_pb_blurb image=&#8220;https:\/\/retradeables.com\/wp-content\/uploads\/2021\/04\/check-icon.png&#8220; icon_placement=&#8220;left&#8220; content_max_width=&#8220;1100px&#8220; _builder_version=&#8220;4.9.4&#8243; _module_preset=&#8220;default&#8220; body_text_color=&#8220;#333333&#8243; custom_margin=&#8220;||5px||false|false&#8220; custom_css_blurb_image=&#8220;width: 50px&#8220; global_colors_info=&#8220;{}&#8220;]<\/p>\n<p><strong>V\u00fdvoj inovat\u00edvneho obehov\u00e9ho hospod\u00e1rstva F-plynu <\/strong>so spo\u013eahliv\u00fdmi vyhl\u00e1seniami o F-plyne o zlo\u017een\u00ed\/zhodnoten\u00ed\/recykl\u00e1cii.<\/p>\n<p>[\/et_pb_blurb][et_pb_blurb image=&#8220;https:\/\/retradeables.com\/wp-content\/uploads\/2021\/04\/check-icon.png&#8220; icon_placement=&#8220;left&#8220; content_max_width=&#8220;1100px&#8220; _builder_version=&#8220;4.9.2&#8243; _module_preset=&#8220;default&#8220; body_text_color=&#8220;#333333&#8243; custom_margin=&#8220;||5px||false|false&#8220; custom_css_blurb_image=&#8220;width: 50px&#8220; global_colors_info=&#8220;{}&#8220;]<\/p>\n<p><strong>V\u00fdvoj nov\u00e9ho trhu pre recyklovan\u00e9 F-plyny v Eur\u00f3pe <\/strong>kde distrib\u00fatori plynov pon\u00fakaj\u00fa transparentn\u00e9 a spo\u013eahliv\u00e9 obchody pre recyklovan\u00e9 F-plyny v re\u00e1lnom \u010dase na mieste<\/p>\n<p>[\/et_pb_blurb][et_pb_blurb image=&#8220;https:\/\/retradeables.com\/wp-content\/uploads\/2021\/04\/check-icon.png&#8220; icon_placement=&#8220;left&#8220; content_max_width=&#8220;1100px&#8220; _builder_version=&#8220;4.9.2&#8243; _module_preset=&#8220;default&#8220; body_text_color=&#8220;#333333&#8243; custom_margin=&#8220;||5px||false|false&#8220; custom_css_blurb_image=&#8220;width: 50px&#8220; global_colors_info=&#8220;{}&#8220;]<\/p>\n<p><strong>Vytvorenie premyslenej a robustnej metodol\u00f3gie, <\/strong>ktor\u00e1 zaru\u010d\u00ed z\u00e1konn\u00e9 r\u00e1mce, leg\u00e1lne ozna\u010dovanie kanistrov, zabezpe\u010den\u00e9 platby a poskytovanie z\u00e1ruk oh\u013eadom kvality a mno\u017estva po celej Eur\u00f3pe.<\/p>\n<p>[\/et_pb_blurb][et_pb_blurb image=&#8220;https:\/\/retradeables.com\/wp-content\/uploads\/2021\/04\/check-icon.png&#8220; icon_placement=&#8220;left&#8220; content_max_width=&#8220;1100px&#8220; _builder_version=&#8220;4.9.3&#8243; _module_preset=&#8220;default&#8220; body_text_color=&#8220;#333333&#8243; custom_margin=&#8220;||5px||false|false&#8220; custom_css_blurb_image=&#8220;width: 50px&#8220; global_colors_info=&#8220;{}&#8220;]<\/p>\n<p><strong>Podpora a vedenie spolo\u010dnost\u00ed v E\u00da na zhodnotenie, recykl\u00e1ciu a druhotn\u00e9 spracovanie F-plynov. <\/strong>Poskytujeme vedenie a kontakty pre spolo\u010dnosti, aby pochopili jednoduchos\u0165 a dostupnos\u0165 recykla\u010dn\u00fdch pr\u00edle\u017eitost\u00ed. Pon\u00fakame transparentnos\u0165 odvetvia oh\u013eadom vyh\u013ead\u00e1vania, anal\u00fdzy a klasifik\u00e1cie kvality a mno\u017estva F-plynu na op\u00e4tovn\u00e9 vyu\u017eitie <\/p>\n<p>[\/et_pb_blurb][et_pb_blurb image=&#8220;https:\/\/retradeables.com\/wp-content\/uploads\/2021\/04\/check-icon.png&#8220; icon_placement=&#8220;left&#8220; content_max_width=&#8220;1100px&#8220; _builder_version=&#8220;4.9.2&#8243; _module_preset=&#8220;default&#8220; body_text_color=&#8220;#333333&#8243; custom_margin=&#8220;||5px||false|false&#8220; custom_css_blurb_image=&#8220;width: 50px&#8220; global_colors_info=&#8220;{}&#8220;]<\/p>\n<p><strong>Zv\u00fd\u0161enie povedomia a zapojenie odvetvia cez \u0161koliacu kampa\u0148 pre 600 jednotlivcov v nieko\u013ek\u00fdch uk\u00e1\u017ekov\u00fdch krajin\u00e1ch. <\/strong>Uk\u00e1\u017eeme ako funguje proces recykl\u00e1cie, ako prospieva \u017eivotn\u00e9mu prostrediu a zvy\u0161uje celkov\u00fa konkurencieschopnos\u0165<\/p>\n<p>[\/et_pb_blurb][et_pb_blurb image=&#8220;https:\/\/retradeables.com\/wp-content\/uploads\/2021\/04\/check-icon.png&#8220; icon_placement=&#8220;left&#8220; content_max_width=&#8220;1100px&#8220; _builder_version=&#8220;4.9.2&#8243; _module_preset=&#8220;default&#8220; body_text_color=&#8220;#333333&#8243; custom_margin=&#8220;||5px||false|false&#8220; custom_css_blurb_image=&#8220;width: 50px&#8220; global_colors_info=&#8220;{}&#8220;]<\/p>\n<p><strong>Zlep\u0161enie znalost\u00ed odvetvia o v\u00fdvoji \u00fa\u010dinn\u00e9ho zn\u00ed\u017eenia klimatick\u00fdch zmien. <\/strong>Podpor\u00edme odvetvie pri vykon\u00e1van\u00ed udr\u017eate\u013enej zmeny a poskytneme pomoc pri praktickom a zodpovednom vyu\u017eit\u00ed.<\/p>\n<p>[\/et_pb_blurb][et_pb_blurb image=&#8220;https:\/\/retradeables.com\/wp-content\/uploads\/2021\/04\/check-icon.png&#8220; icon_placement=&#8220;left&#8220; content_max_width=&#8220;1100px&#8220; _builder_version=&#8220;4.9.2&#8243; _module_preset=&#8220;default&#8220; body_text_color=&#8220;#333333&#8243; custom_margin=&#8220;||5px||false|false&#8220; custom_css_blurb_image=&#8220;width: 50px&#8220; global_colors_info=&#8220;{}&#8220;]<\/p>\n<p><strong>Ponuka jednoduch\u00e9ho a bezpe\u010dn\u00e9ho rie\u0161enia na recykl\u00e1ciu a zhodnotenie F-plynov, aby ich bolo mo\u017en\u00e9 vr\u00e1ti\u0165 sp\u00e4\u0165 na trh <\/strong>podporou pou\u017e\u00edvania vysokokvalitn\u00fdch, n\u00e1kladovo efekt\u00edvnych recyklovan\u00fdch F-plynov a poskytnut\u00edm presnej datab\u00e1zy \u00fadajov pre dodr\u017eiavanie predpisov.<\/p>\n<p>[\/et_pb_blurb][et_pb_blurb image=&#8220;https:\/\/retradeables.com\/wp-content\/uploads\/2021\/04\/check-icon.png&#8220; icon_placement=&#8220;left&#8220; content_max_width=&#8220;1100px&#8220; _builder_version=&#8220;4.9.2&#8243; _module_preset=&#8220;default&#8220; body_text_color=&#8220;#333333&#8243; custom_margin=&#8220;||5px||false|false&#8220; custom_css_blurb_image=&#8220;width: 50px&#8220; global_colors_info=&#8220;{}&#8220;]<\/p>\n<p><strong>Zabr\u00e1nenie vyp\u00fa\u0161\u0165aniu emisi\u00ed CO2 <\/strong>predch\u00e1dzan\u00edm vyp\u00fa\u0161\u0165aniu emisi\u00ed F-plynov zo zariaden\u00ed vy\u017eadovan\u00edm kontrol, spr\u00e1vnej \u00fadr\u017eby a recykl\u00e1cie plynov na konci \u017eivotnosti zariadenia.<\/p>\n<p>[\/et_pb_blurb][\/et_pb_column][\/et_pb_row][\/et_pb_section]<\/p>\n","protected":false},"excerpt":{"rendered":"<p>Poslanie RetradeablesV\u00fdvoj inovat\u00edvneho obehov\u00e9ho hospod\u00e1rstva F-plynu so spo\u013eahliv\u00fdmi vyhl\u00e1seniami o F-plyne o zlo\u017een\u00ed\/zhodnoten\u00ed\/recykl\u00e1cii.V\u00fdvoj nov\u00e9ho trhu pre recyklovan\u00e9 F-plyny v Eur\u00f3pe kde distrib\u00fatori plynov pon\u00fakaj\u00fa transparentn\u00e9 a spo\u013eahliv\u00e9 obchody pre recyklovan\u00e9 F-plyny v re\u00e1lnom \u010dase na miesteVytvorenie premyslenej a robustnej metodol\u00f3gie, ktor\u00e1 zaru\u010d\u00ed z\u00e1konn\u00e9 r\u00e1mce, leg\u00e1lne ozna\u010dovanie kanistrov, zabezpe\u010den\u00e9 platby a poskytovanie z\u00e1ruk oh\u013eadom kvality a [&hellip;]<\/p>\n","protected":false},"author":13,"featured_media":0,"parent":0,"menu_order":0,"comment_status":"closed","ping_status":"closed","template":"","meta":{"_et_pb_use_builder":"on","_et_pb_old_content":"","_et_gb_content_width":"","footnotes":""},"class_list":["post-600","page","type-page","status-publish","hentry"],"_links":{"self":[{"href":"https:\/\/retradeables.com\/sk\/wp-json\/wp\/v2\/pages\/600","targetHints":{"allow":["GET"]}}],"collection":[{"href":"https:\/\/retradeables.com\/sk\/wp-json\/wp\/v2\/pages"}],"about":[{"href":"https:\/\/retradeables.com\/sk\/wp-json\/wp\/v2\/types\/page"}],"author":[{"embeddable":true,"href":"https:\/\/retradeables.com\/sk\/wp-json\/wp\/v2\/users\/13"}],"replies":[{"embeddable":true,"href":"https:\/\/retradeables.com\/sk\/wp-json\/wp\/v2\/comments?post=600"}],"version-history":[{"count":0,"href":"https:\/\/retradeables.com\/sk\/wp-json\/wp\/v2\/pages\/600\/revisions"}],"wp:attachment":[{"href":"https:\/\/retradeables.com\/sk\/wp-json\/wp\/v2\/media?parent=600"}],"curies":[{"name":"wp","href":"https:\/\/api.w.org\/{rel}","templated":true}]}}